{"id":25,"date":"2022-01-04T19:20:15","date_gmt":"2022-01-04T19:20:15","guid":{"rendered":"http:\/\/jugendfeuerwehr.feuerwehr-possendorf.de\/?page_id=25"},"modified":"2026-01-10T15:45:27","modified_gmt":"2026-01-10T15:45:27","slug":"aktive-abteilung","status":"publish","type":"page","link":"https:\/\/feuerwehr-possendorf.de\/?page_id=25","title":{"rendered":"Aktive Abteilung"},"content":{"rendered":"\n<p>Wir sind Frauen und M\u00e4nner im Alter von 16 bis 65 Jahren, die in Possendorf und umliegenden Ortsteilen wohnen. <\/p>\n\n\n\n<p>Kameraden, die zusammenhalten und f\u00fcr die Sicherheit vor Ort sich ausbilden, weiterbilden und unterst\u00fctzen. <\/p>\n\n\n\n<p>Truppmann Teil 1 ist der Start um beim Einsatz mit dabei zu sein. Ein Lehrgang, der mit 75 Stunden in der n\u00e4heren Umgebung durchgef\u00fchrt wird. Danach folgt der Sprechfunklehrgang und dann kann sich jeder in dem Bereich qualifizieren, f\u00fcr den er sich interessiert. <\/p>\n\n\n\n<p><\/p>\n\n\n\n<p>Solltest du Lust haben auch mal vorbeizukommen, du findest uns zu folgenden Dienstzeiten am Feuerwehrger\u00e4tehaus in Possendorf, Kreischaer Stra\u00dfe 1b (gegen\u00fcber des Penny-Marktes). Bitte achte darauf, dass unsere Dienste nicht immer direkt an oder in der Feuerwehr stattfinden. Wenn du also dabei sein willst, sei einfach 10 Minuten vor Dienstbeginn am Feuerwehrger\u00e4tehaus und wir freuen uns auf dich: <\/p>\n\n\n\n<figure class=\"wp-block-image size-large\"><img loading=\"lazy\" decoding=\"async\" width=\"1024\" height=\"553\" src=\"https:\/\/feuerwehr-possendorf.de\/wp-content\/uploads\/2026\/01\/image-1024x553.png\" alt=\"\" class=\"wp-image-710\" srcset=\"https:\/\/feuerwehr-possendorf.de\/wp-content\/uploads\/2026\/01\/image-1024x553.png 1024w, https:\/\/feuerwehr-possendorf.de\/wp-content\/uploads\/2026\/01\/image-300x162.png 300w, https:\/\/feuerwehr-possendorf.de\/wp-content\/uploads\/2026\/01\/image-768x415.png 768w, https:\/\/feuerwehr-possendorf.de\/wp-content\/uploads\/2026\/01\/image.png 1284w\" sizes=\"auto, (max-width: 1024px) 100vw, 1024px\" \/><\/figure>\n\n\n\n<p><\/p>\n","protected":false},"excerpt":{"rendered":"<p>Wir sind Frauen und M\u00e4nner im Alter von 16 bis 65 Jahren, die in Possendorf und umliegenden Ortsteilen wohnen. Kameraden, die zusammenhalten und f\u00fcr die Sicherheit vor Ort sich ausbilden, [&hellip;]<\/p>\n","protected":false},"author":1,"featured_media":0,"parent":4,"menu_order":0,"comment_status":"closed","ping_status":"closed","template":"","meta":{"footnotes":""},"class_list":["post-25","page","type-page","status-publish","hentry"],"_links":{"self":[{"href":"https:\/\/feuerwehr-possendorf.de\/index.php?rest_route=\/wp\/v2\/pages\/25","targetHints":{"allow":["GET"]}}],"collection":[{"href":"https:\/\/feuerwehr-possendorf.de\/index.php?rest_route=\/wp\/v2\/pages"}],"about":[{"href":"https:\/\/feuerwehr-possendorf.de\/index.php?rest_route=\/wp\/v2\/types\/page"}],"author":[{"embeddable":true,"href":"https:\/\/feuerwehr-possendorf.de\/index.php?rest_route=\/wp\/v2\/users\/1"}],"replies":[{"embeddable":true,"href":"https:\/\/feuerwehr-possendorf.de\/index.php?rest_route=%2Fwp%2Fv2%2Fcomments&post=25"}],"version-history":[{"count":17,"href":"https:\/\/feuerwehr-possendorf.de\/index.php?rest_route=\/wp\/v2\/pages\/25\/revisions"}],"predecessor-version":[{"id":711,"href":"https:\/\/feuerwehr-possendorf.de\/index.php?rest_route=\/wp\/v2\/pages\/25\/revisions\/711"}],"up":[{"embeddable":true,"href":"https:\/\/feuerwehr-possendorf.de\/index.php?rest_route=\/wp\/v2\/pages\/4"}],"wp:attachment":[{"href":"https:\/\/feuerwehr-possendorf.de\/index.php?rest_route=%2Fwp%2Fv2%2Fmedia&parent=25"}],"curies":[{"name":"wp","href":"https:\/\/api.w.org\/{rel}","templated":true}]}}