{"id":76,"date":"2022-01-04T19:35:12","date_gmt":"2022-01-04T19:35:12","guid":{"rendered":"http:\/\/jugendfeuerwehr.feuerwehr-possendorf.de\/?page_id=76"},"modified":"2023-10-15T07:30:02","modified_gmt":"2023-10-15T07:30:02","slug":"deine-hilfe","status":"publish","type":"page","link":"http:\/\/feuerwehr-possendorf.de\/?page_id=76","title":{"rendered":"Deine Hilfe"},"content":{"rendered":"\n<div class=\"wp-block-columns is-layout-flex wp-container-core-columns-is-layout-9d6595d7 wp-block-columns-is-layout-flex\">\n<div class=\"wp-block-column is-layout-flow wp-block-column-is-layout-flow\">\n<figure class=\"wp-block-image size-large is-resized\"><img loading=\"lazy\" decoding=\"async\" width=\"820\" height=\"1024\" src=\"http:\/\/feuerwehr-possendorf.de\/wp-content\/uploads\/2023\/10\/Atemschutz-820x1024.png\" alt=\"\" class=\"wp-image-442\" style=\"aspect-ratio:0.80078125;width:387px;height:auto\" srcset=\"http:\/\/feuerwehr-possendorf.de\/wp-content\/uploads\/2023\/10\/Atemschutz-820x1024.png 820w, http:\/\/feuerwehr-possendorf.de\/wp-content\/uploads\/2023\/10\/Atemschutz-240x300.png 240w, http:\/\/feuerwehr-possendorf.de\/wp-content\/uploads\/2023\/10\/Atemschutz-768x960.png 768w, http:\/\/feuerwehr-possendorf.de\/wp-content\/uploads\/2023\/10\/Atemschutz-1229x1536.png 1229w, http:\/\/feuerwehr-possendorf.de\/wp-content\/uploads\/2023\/10\/Atemschutz.png 1519w\" sizes=\"auto, (max-width: 820px) 100vw, 820px\" \/><\/figure>\n<\/div>\n\n\n\n<div class=\"wp-block-column is-layout-flow wp-block-column-is-layout-flow\">\n<figure class=\"wp-block-image size-large is-resized\"><img loading=\"lazy\" decoding=\"async\" width=\"820\" height=\"1024\" src=\"http:\/\/feuerwehr-possendorf.de\/wp-content\/uploads\/2023\/10\/TH-820x1024.png\" alt=\"\" class=\"wp-image-445\" style=\"aspect-ratio:0.80078125;width:387px;height:auto\" srcset=\"http:\/\/feuerwehr-possendorf.de\/wp-content\/uploads\/2023\/10\/TH-820x1024.png 820w, http:\/\/feuerwehr-possendorf.de\/wp-content\/uploads\/2023\/10\/TH-240x300.png 240w, http:\/\/feuerwehr-possendorf.de\/wp-content\/uploads\/2023\/10\/TH-768x960.png 768w, http:\/\/feuerwehr-possendorf.de\/wp-content\/uploads\/2023\/10\/TH-1229x1536.png 1229w, http:\/\/feuerwehr-possendorf.de\/wp-content\/uploads\/2023\/10\/TH.png 1519w\" sizes=\"auto, (max-width: 820px) 100vw, 820px\" \/><\/figure>\n<\/div>\n<\/div>\n\n\n\n<p>Jetzt denkst du vielleicht Feuerwehr ist nichts f\u00fcr mich. Du wolltest eigentlich nur f\u00fcr jemanden anderen auf unsere Homepage vorbeischauen oder warst neugierig? Du kannst kein Blut sehen? Du hast dich bislang noch nie mit dem Thema Feuerwehr besch\u00e4ftigt. Dann bleib kurz dran und lese weiter&#8230;<\/p>\n\n\n\n<p>Nat\u00fcrlich kann es im Ernstfall auch mal dazu kommen, dass du Blut siehst, aber bedenke, meistens kannst du vor allem dein eigenes Blut nicht sehen, ohne dass dir schwindelig wird. Wir m\u00fcssen ehrlich sein, die h\u00e4ufigsten Eins\u00e4tze unserer Feuerwehr laufen nicht so ab wie die Aktionfilme im Abendprogramm, bei denen das Blut nur so flie\u00dft, die Autos explodieren, das Feuer innerhalb von Sekunden das gesamte Haus einnimmt und lodert. <\/p>\n\n\n\n<p>Und jetzt denkst du, dann ist Feuerwehr ja langweilig. Zu einer Brandmeldeanlage zu fahren und dann festzustellen, dass es sich um einen Fehlalarm, ein Insekt im Brandmelder oder eine zu warm gewordene Toastschnitte \u00fcber dem Rauchmelder. Dein erster Gedanke sollte sein, aber was wenn nicht, wenn es ein realer Brand ist. Die Brandmeldeanlage ist nicht einfach so installiert. Vor allem in gro\u00dfen Geb\u00e4uden, in denen sich viele Menschen aufhalten, ist sie zu finden. Und wenn es ein Fehlalarm bleibt, k\u00f6nnen wir die Fahrt zum Einsatz und zur\u00fcck immer f\u00fcr gute Gespr\u00e4che und Kameradschaftspflege nutzen. <\/p>\n\n\n\n<p>Und jetzt denkst du, Kameradschaftspflege &#8211; ich habe genug Freunde und Bekannte. Dann wei\u00dft du aber nicht wie interessant es sein kann mit unterschiedlichen Menschen zusammenzukommen, die du sonst niemals kennengelernt h\u00e4ttest. Du lernst ihre St\u00e4rken und Schw\u00e4chen kennen, lernst neue Sichtweisen, unterst\u00fctzt und sch\u00e4tzt dich. Und das Gro\u00dfartigste wir sind f\u00fcreinander da, wenn es drauf ankommt und riskieren unser Leben f\u00fcr den anderen. <\/p>\n\n\n\n<p>Du bist noch nicht \u00fcberzeugt? Dann lass uns das kurz nochmal anders betrachten. Auch wenn du derzeit noch mehr an Zeitverschwendung und Opferung deiner Freizeit denkst. Bevor die Sirene geht, warst du auf der Arbeit und gestresst oder zu Hause und gelangweilt oder du hattest noch so viel vor &#8211; kochen, Sport machen, b\u00fcgeln -, oder du und dein Partner oder Partnerin habt euch gerade gestritten. <strong>Die Sirene geht<\/strong>. Die Priorit\u00e4t \u00e4ndert sich sofort. Die Feuerwehr hat jetzt Priorit\u00e4t und du musst los. Du warst im Einsatz mit deinen Feuerwehrkameraden und bist nun auf dem R\u00fcckweg. Du wirst deine vorherige Situation anders sehen. Das versprechen wir dir. Entweder, weil der Einsatz und deine Feuerwehrkameraden auf andere Gedanken gebracht haben oder du ihnen dein Herz ausgesch\u00fcttet hast oder du einfach aus der vorherigen Situation raus warst und jetzt klarer dar\u00fcber denkst. Und bedenke immer, du hast gerade noch was Gutes getan! <\/p>\n","protected":false},"excerpt":{"rendered":"<p>Jetzt denkst du vielleicht Feuerwehr ist nichts f\u00fcr mich. Du wolltest eigentlich nur f\u00fcr jemanden anderen auf unsere Homepage vorbeischauen oder warst neugierig? Du kannst kein Blut sehen? Du hast [&hellip;]<\/p>\n","protected":false},"author":1,"featured_media":0,"parent":0,"menu_order":2,"comment_status":"closed","ping_status":"closed","template":"","meta":{"footnotes":""},"class_list":["post-76","page","type-page","status-publish","hentry"],"_links":{"self":[{"href":"http:\/\/feuerwehr-possendorf.de\/index.php?rest_route=\/wp\/v2\/pages\/76","targetHints":{"allow":["GET"]}}],"collection":[{"href":"http:\/\/feuerwehr-possendorf.de\/index.php?rest_route=\/wp\/v2\/pages"}],"about":[{"href":"http:\/\/feuerwehr-possendorf.de\/index.php?rest_route=\/wp\/v2\/types\/page"}],"author":[{"embeddable":true,"href":"http:\/\/feuerwehr-possendorf.de\/index.php?rest_route=\/wp\/v2\/users\/1"}],"replies":[{"embeddable":true,"href":"http:\/\/feuerwehr-possendorf.de\/index.php?rest_route=%2Fwp%2Fv2%2Fcomments&post=76"}],"version-history":[{"count":5,"href":"http:\/\/feuerwehr-possendorf.de\/index.php?rest_route=\/wp\/v2\/pages\/76\/revisions"}],"predecessor-version":[{"id":447,"href":"http:\/\/feuerwehr-possendorf.de\/index.php?rest_route=\/wp\/v2\/pages\/76\/revisions\/447"}],"wp:attachment":[{"href":"http:\/\/feuerwehr-possendorf.de\/index.php?rest_route=%2Fwp%2Fv2%2Fmedia&parent=76"}],"curies":[{"name":"wp","href":"https:\/\/api.w.org\/{rel}","templated":true}]}}