{"id":23,"date":"2022-01-04T19:20:57","date_gmt":"2022-01-04T19:20:57","guid":{"rendered":"http:\/\/jugendfeuerwehr.feuerwehr-possendorf.de\/?page_id=23"},"modified":"2023-10-12T19:59:10","modified_gmt":"2023-10-12T19:59:10","slug":"datenschutz","status":"publish","type":"page","link":"http:\/\/feuerwehr-possendorf.de\/?page_id=23","title":{"rendered":"Datenschutz"},"content":{"rendered":"\n<p>Die Freiwillige Feuerwehr Bannewitz, Ortsfeuerwehr Possendorf nimmt den Schutz Ihrer personenbezogenen Daten sehr ernst. Wir m\u00f6chten, dass Sie wissen, wann wir welche Daten erheben und wie wir sie verwenden. Eine Nutzung der Internetseiten der Ortsfeuerwehr Possendorf ist grunds\u00e4tzlich ohne jede Angabe personenbezogener Daten m\u00f6glich. Sofern eine betroffene Person besondere Services unserer Ortsfeuerwehr \u00fcber unsere Internetseite in Anspruch nehmen m\u00f6chte, k\u00f6nnte jedoch eine Verarbeitung personenbezogener Daten erforderlich werden. Ist die Verarbeitung personenbezogener Daten erforderlich und besteht f\u00fcr eine solche Verarbeitung keine gesetzliche Grundlage, holen wir generell eine Einwilligung der betroffenen Person ein.<\/p>\n\n\n\n<p>Die Verarbeitung personenbezogener Daten, beispielsweise des Namens, der Anschrift, E-Mail-Adresse oder Telefonnummer einer betroffenen Person, erfolgt stets im Einklang mit der Datenschutz-Grundverordnung (DSGVO) und in \u00dcbereinstimmung mit den f\u00fcr die Ortsfeuerwehr Possendorf geltenden landesspezifischen Datenschutzbestimmungen. Mittels dieser Datenschutzerkl\u00e4rung informieren wir Sie \u00fcber Art, Umfang und Zweck der von uns erhobenen, genutzten und verarbeiteten personenbezogenen Daten und kl\u00e4ren Sie \u00fcber die Ihnen zustehenden Rechte auf.<\/p>\n\n\n\n<p>Die Ortsfeuerwehr Possendorf hat als verantwortliche Stelle zahlreiche technische und organisatorische Ma\u00dfnahmen umgesetzt, um einen m\u00f6glichst l\u00fcckenlosen Schutz der \u00fcber diese Internetseite verarbeiteten personenbezogenen Daten sicherzustellen. Dennoch k\u00f6nnen internetbasierte Daten\u00fcbertragungen grunds\u00e4tzlich Sicherheitsl\u00fccken aufweisen, sodass ein absoluter Schutz nicht gew\u00e4hrleistet werden kann. Aus diesem Grund steht es Ihnen frei, personenbezogene Daten auch auf alternativen Wegen, beispielsweise per E-Mail, an uns zu \u00fcbermitteln.<\/p>\n\n\n\n<p>Bedenken Sie vor dem Versand personenbezogener Daten per E-Mail auch, dass Ihre Nachricht auf den au\u00dferhalb des Einflussbereichs der Ortsfeuerwehr Possendorf verlaufenden Teilstrecken der \u00dcbertragung unverschl\u00fcsselt und damit ungesch\u00fctzt transportiert werden k\u00f6nnte.<\/p>\n\n\n\n<p><strong>Verantwortliche Stelle<\/strong><\/p>\n\n\n\n<p>Verantwortliche Stelle im Sinne der Datenschutzgesetze, insbesondere der DSGVO, ist die<\/p>\n\n\n\n<p>Ortsfeuerwehr Possendorf<\/p>\n\n\n\n<p>E-Mail: wehrleiter@feuerwehr-possendorf.de<br><\/p>\n\n\n\n<p><strong>Datenschutzbeauftragter der Ortsfeuerwehr Possendorf <\/strong><\/p>\n\n\n\n<p>Die Ortsfeuerwehr Possendorf hat einen Datenschutzbeauftragten bestellt, gegen\u00fcber dem Sie Ihre den Datenschutz betreffenden Anliegen vorbringen k\u00f6nnen. Sie erreichen diesen unter<\/p>\n\n\n\n<p>E-Mail: datenschutz@feuerwehr-possendorf.de<\/p>\n\n\n\n<p>Vertretungsberechtigte Personen:&nbsp;<\/p>\n\n\n\n<p>B\u00fcrgermeister Heiko Wersig<\/p>\n\n\n\n<p><a href=\"mailto:datenschutz@sakd.de\"><\/a><\/p>\n\n\n\n<p>Der Datenschutzbeauftragte hat die Aufgabe, beratend und kontrollierend auf die Einhaltung der DSGVO und anderer im Freistaat Sachsen geltenden Vorschriften \u00fcber den Datenschutz hinzuwirken.<\/p>\n\n\n\n<p>Er ist f\u00fcr die B\u00fcrgerinnen und B\u00fcrger die zentrale Anlaufstelle bei allen datenschutzrechtlichen Fragen. Auch die Feuerwehrkameraden der Ortsfeuerwehr Possendorf k\u00f6nnen sich in Angelegenheiten des Datenschutzes direkt an ihn wenden.<\/p>\n\n\n\n<p>Er ist zur Verschwiegenheit \u00fcber Personen verpflichtet, die ihm in seiner Eigenschaft als Datenschutzbeauftragter Tatsachen anvertraut haben, sowie \u00fcber die Tatsachen selbst, soweit er nicht davon durch diese Personen befreit wird.<\/p>\n\n\n\n<p><strong>Protokollierung von Zugriffsdaten durch unsere Webseiten<\/strong><\/p>\n\n\n\n<p>Bei Zugriffen auf die Internetangebote der Ortsfeuerwehr Possendorf werden die folgenden, durch den Internetbrowser des Nutzers meist automatisch \u00fcbermittelten Daten erhoben:<\/p>\n\n\n\n<p>\u00ad&nbsp;IP-Adresse des zugreifenden Rechners, Datum und Uhrzeit der Anforderung, Clientsoftware des anfordernden Rechners, d. h. in der Regel den Browsertyp und die gew\u00fcnschte Zugriffsmethode\/Funktion,\u00ad&nbsp;Adresse der Webseite, auf der sich der von Ihnen aufgerufene Link befindet (Referrer URL),&nbsp;Adresse des bei uns angeforderten Inhalts (URL) und die ggf. als Bestandteil der Adresse mit \u00fcbertragenen Eingabedaten (URL-Parameter) sowie\u00ad&nbsp;Zugriffsstatus des Web-Servers (z. B. Datei \u00fcbertragen, Datei nicht gefunden, Kommando nicht ausgef\u00fchrt).<\/p>\n\n\n\n<p>Diese Daten werden zur Erkennung, Analyse und Bek\u00e4mpfung technischer Probleme, missbr\u00e4uchlicher Nutzung und von gegen die eingesetzten Datenverarbeitungssysteme gerichteten Angriffen in Protokolldateien gespeichert und ausgewertet. Die erfassten Daten werden auch zur Erstellung nicht personenbezogener Statistiken \u00fcber die Nutzung der Angebote verarbeitet und ferner mit dem Ziel ausgewertet, den Datenschutz und die Datensicherheit in unserer Beh\u00f6rde zu erh\u00f6hen, um letztlich ein optimales Schutzniveau f\u00fcr die von uns verarbeiteten personenbezogenen Daten sicherzustellen. Die anonymen Daten der Server-Logfiles werden getrennt von allen durch eine betroffene Person angegebenen personenbezogenen Daten gespeichert.<\/p>\n\n\n\n<p><strong>Verschl\u00fcsselung<\/strong><\/p>\n\n\n\n<p>Zum Schutz personenbezogener Daten bei der \u00dcbertragung \u00fcber ungesicherte Netze, wie z. B. dem Internet, setzen wir dem Stand der Technik entsprechende Verschl\u00fcsselungsverfahren ein.<\/p>\n\n\n\n<p><strong>Cookies<\/strong><\/p>\n\n\n\n<p>Wie viele andere Webseiten verwenden auch wir so genannte &#8222;Cookies&#8220;. Cookies sind kleine Datenmengen, die von unseren Web-Servern an den die Seite aufrufenden Internetbrowser \u00fcbertragen und von diesem gespeichert werden k\u00f6nnen.<\/p>\n\n\n\n<p>Die Ortsfeuerwehr Possendorf verwendet Cookies in ihren Angeboten f\u00fcr die Identifikation des Nutzers bei wiederholten Seitenaufrufen im Rahmen eines Besuchs des Angebots (Sitzungs-Cookie) und f\u00fcr die Absicherung der Kommunikation gegen Angriffe durch Dritte.<\/p>\n\n\n\n<p>Durch den Einsatz von Cookies k\u00f6nnen wir Ihnen nutzerfreundlichere Services bereitstellen, die ohne die Cookie-Setzung nicht m\u00f6glich w\u00e4ren.<\/p>\n\n\n\n<p>Mittels eines Cookies k\u00f6nnen die Informationen und Angebote auf unserer Internetseite im Sinne des Benutzers optimiert werden. Cookies erm\u00f6glichen uns, wie bereits erw\u00e4hnt, die Benutzer unserer Internetseite wiederzuerkennen. Zweck dieser Wiedererkennung ist es, den Nutzern die Verwendung unserer Internetseite zu erleichtern. Der Benutzer einer Internetseite, die Cookies verwendet, muss beispielsweise nicht bei jedem Besuch der Internetseite erneut seine Zugangsdaten eingeben, weil dies von der Internetseite und dem auf dem Computersystem des Benutzers abgelegten Cookie \u00fcbernommen wird.<\/p>\n\n\n\n<p>Sie k\u00f6nnen die Setzung von Cookies durch unsere Internetseite jederzeit mittels einer entsprechenden Einstellung des genutzten Internetbrowsers verhindern und damit der Setzung von Cookies dauerhaft widersprechen. Ferner k\u00f6nnen bereits gesetzte Cookies jederzeit \u00fcber einen Internetbrowser oder andere Softwareprogramme gel\u00f6scht werden. Dies ist in allen g\u00e4ngigen Internetbrowsern m\u00f6glich. Fall Sie die Setzung von Cookies in Ihrem Internetbrowser deaktivieren, sind unter Umst\u00e4nden nicht alle Funktionen unserer Internetseite vollumf\u00e4nglich nutzbar.<\/p>\n\n\n\n<p><strong>Kontaktm\u00f6glichkeit \u00fcber die Internetseite<\/strong><\/p>\n\n\n\n<p>Die Internetseite der Ortsfeuerwehr Possendorf enth\u00e4lt aufgrund von gesetzlichen Vorschriften Angaben, die eine schnelle elektronische Kontaktaufnahme zu unserer Ortsfeuerwehr sowie eine unmittelbare Kommunikation mit uns erm\u00f6glichen. Dies betrifft eine allgemeine E-Mail-Adresse.<\/p>\n\n\n\n<p>Sofern Sie auf diesen Wegen den Kontakt mit uns aufnehmen, werden die von Ihnen \u00fcbermittelten personenbezogenen Daten automatisch gespeichert. Solche auf freiwilliger Basis von Ihnen an den f\u00fcr die Verarbeitung Verantwortlichen \u00fcbermittelten personenbezogenen Daten werden f\u00fcr Zwecke der Bearbeitung oder der Kontaktaufnahme zu Ihnen gespeichert. Es erfolgt keine Weitergabe dieser personenbezogenen Daten an Dritte.<\/p>\n\n\n\n<p><strong>Routinem\u00e4\u00dfige L\u00f6schung und Sperrung von personenbezogenen Daten<\/strong><\/p>\n\n\n\n<p>Wir verarbeiten und speichern Ihre personenbezogenen Daten nur f\u00fcr den Zeitraum, der zur Erreichung des Speicherungszwecks erforderlich ist oder sofern dies durch den Europ\u00e4ischen Richtlinien- und Verordnungsgeber oder einen anderen Gesetzgeber in Gesetzen oder Vorschriften, welchen die verantwortliche Stelle unterliegt, vorgesehen wurde.<\/p>\n\n\n\n<p>Entf\u00e4llt der Speicherungszweck oder l\u00e4uft eine vom Europ\u00e4ischen Richtlinien- und Verordnungsgeber oder einem anderen zust\u00e4ndigen Gesetzgeber vorgeschriebene Speicherfrist ab, werden die personenbezogenen Daten routinem\u00e4\u00dfig und entsprechend den gesetzlichen Vorschriften gesperrt oder gel\u00f6scht.<\/p>\n\n\n\n<p><strong>Ihre Rechte uns gegen\u00fcber<\/strong><\/p>\n\n\n\n<p>Sie haben nach der DSGVO insbesondere folgende Rechte:<\/p>\n\n\n\n<p>\u00ad-&nbsp;&nbsp;&nbsp;&nbsp;Auskunftsrecht \u00fcber die zu Ihrer Person gespeicherten Daten und deren Verarbeitung (Artikel 15 DSGVO)<\/p>\n\n\n\n<p>\u00ad&nbsp;&#8211;&nbsp;&nbsp;&nbsp;Recht auf Datenberichtigung, sofern Ihre Daten unrichtig oder unvollst\u00e4ndig sein sollten (Artikel 16 DSGVO)<\/p>\n\n\n\n<p>\u00ad&nbsp;&#8211;&nbsp;&nbsp;&nbsp;Recht auf L\u00f6schung der zu Ihrer Person gespeicherten Daten (Artikel 17 DSGVO), sofern eine der Voraussetzungen von Artikel 17 DSGVO zutrifft.<\/p>\n\n\n\n<p>\u00ad&nbsp;&#8211;&nbsp;&nbsp;&nbsp;Recht auf Einschr\u00e4nkung der Datenverarbeitung, sofern die Daten unrechtm\u00e4\u00dfig verarbeitet wurden (Artikel 18 DSGVO)<\/p>\n\n\n\n<p>\u00ad&nbsp;&#8211;&nbsp;&nbsp;&nbsp;Recht auf Widerspruch gegen bestimmte Datenverarbeitungen (Artikel 21 DSGVO), sofern an der Verarbeitung kein zwingendes \u00f6ffentliches Interesse besteht, das das Interesse der betroffenen Person \u00fcberwiegt, und keine Rechtsvorschrift zur Verarbeitung verpflichtet.<\/p>\n\n\n\n<p>Um diese Rechte auszu\u00fcben, wenden Sie sich bitte an die verantwortliche Stelle oder an den benannten Datenschutzbeauftragten.<\/p>\n\n\n\n<p>Sie haben nach Artikel 77 Datenschutz-Grundverordnung au\u00dferdem das Recht, sich bei der Aufsichtsbeh\u00f6rde zu beschweren, wenn Sie der Ansicht sind, dass die Verarbeitung der Sie betreffenden personenbezogenen Daten nicht rechtm\u00e4\u00dfig erfolgt.<\/p>\n\n\n\n<p>Aufsichtsbeh\u00f6rde ist<\/p>\n\n\n\n<p>Der S\u00e4chsische Datenschutzbeauftragte<br>Bernhard-von-Lindenau-Platz 1<br>01067 Dresden.<\/p>\n\n\n\n<p><strong>Rechtsgrundlagen der Verarbeitung<\/strong><\/p>\n\n\n\n<p>Art. 6 I lit. a DSGVO dient der Ortsfeuerwehr Possendorf als Rechtsgrundlage f\u00fcr Verarbeitungsvorg\u00e4nge, bei denen wir eine Einwilligung f\u00fcr einen bestimmten Verarbeitungszweck einholen. Ist die Verarbeitung personenbezogener Daten zur Erf\u00fcllung eines Vertrags, dessen Vertragspartei Sie sind, erforderlich, so beruht die Verarbeitung auf Art. 6 I lit. b DSGVO. <\/p>\n\n\n\n<p>Unterliegt die Ortsfeuerwehr Possendorf einer rechtlichen Verpflichtung durch welche eine Verarbeitung von personenbezogenen Daten erforderlich wird so basiert die Verarbeitung auf Art. 6 I lit. c DSGVO.<\/p>\n\n\n\n<p><strong>Berechtigte Interessen an der Verarbeitung, die von der verantwortlichen Stelle oder einem Dritten verfolgt werden<\/strong><\/p>\n\n\n\n<p>Basiert die Verarbeitung personenbezogener Daten auf Artikel 6 I lit. f DSGVO ist unser berechtigtes Interesse die Durchf\u00fchrung unserer Gesch\u00e4ftst\u00e4tigkeit zugunsten des Wohlergehens all unserer Feuerwehrkameraden.<\/p>\n\n\n\n<p><strong>Dauer, f\u00fcr die die personenbezogenen Daten gespeichert werden<\/strong><\/p>\n\n\n\n<p>Kriterium f\u00fcr die Dauer der Speicherung von personenbezogenen Daten ist die jeweilige gesetzliche Aufbewahrungsfrist. Nach Ablauf der Frist werden die entsprechenden Daten routinem\u00e4\u00dfig gel\u00f6scht, sofern sie nicht mehr zur Vertragserf\u00fcllung oder Vertragsanbahnung erforderlich sind.<\/p>\n\n\n\n<p><strong>Gesetzliche oder vertragliche Vorschriften zur Bereitstellung der personenbezogenen Daten; Erforderlichkeit f\u00fcr den Vertragsabschluss; Verpflichtung der betroffenen Person, die personenbezogenen Daten bereitzustellen; m\u00f6gliche Folgen der Nichtbereitstellung<\/strong><\/p>\n\n\n\n<p>Wir kl\u00e4ren Sie dar\u00fcber auf, dass die Bereitstellung personenbezogener Daten zum Teil gesetzlich vorgeschrieben ist.<\/p>\n\n\n\n<p><strong>Bestehen einer automatisierten Entscheidungsfindung<\/strong><\/p>\n\n\n\n<p>Als verantwortungsbewusste Ortsfeuerwehr verzichten wir auf eine automatisierte Entscheidungsfindung oder ein \u201eProfiling\u201c.<\/p>\n","protected":false},"excerpt":{"rendered":"<p>Die Freiwillige Feuerwehr Bannewitz, Ortsfeuerwehr Possendorf nimmt den Schutz Ihrer personenbezogenen Daten sehr ernst. Wir m\u00f6chten, dass Sie wissen, wann wir welche Daten erheben und wie wir sie verwenden. Eine [&hellip;]<\/p>\n","protected":false},"author":1,"featured_media":0,"parent":0,"menu_order":6,"comment_status":"closed","ping_status":"closed","template":"","meta":{"footnotes":""},"class_list":["post-23","page","type-page","status-publish","hentry"],"_links":{"self":[{"href":"http:\/\/feuerwehr-possendorf.de\/index.php?rest_route=\/wp\/v2\/pages\/23","targetHints":{"allow":["GET"]}}],"collection":[{"href":"http:\/\/feuerwehr-possendorf.de\/index.php?rest_route=\/wp\/v2\/pages"}],"about":[{"href":"http:\/\/feuerwehr-possendorf.de\/index.php?rest_route=\/wp\/v2\/types\/page"}],"author":[{"embeddable":true,"href":"http:\/\/feuerwehr-possendorf.de\/index.php?rest_route=\/wp\/v2\/users\/1"}],"replies":[{"embeddable":true,"href":"http:\/\/feuerwehr-possendorf.de\/index.php?rest_route=%2Fwp%2Fv2%2Fcomments&post=23"}],"version-history":[{"count":6,"href":"http:\/\/feuerwehr-possendorf.de\/index.php?rest_route=\/wp\/v2\/pages\/23\/revisions"}],"predecessor-version":[{"id":349,"href":"http:\/\/feuerwehr-possendorf.de\/index.php?rest_route=\/wp\/v2\/pages\/23\/revisions\/349"}],"wp:attachment":[{"href":"http:\/\/feuerwehr-possendorf.de\/index.php?rest_route=%2Fwp%2Fv2%2Fmedia&parent=23"}],"curies":[{"name":"wp","href":"https:\/\/api.w.org\/{rel}","templated":true}]}}