{"id":2,"date":"2021-12-20T12:31:35","date_gmt":"2021-12-20T12:31:35","guid":{"rendered":"http:\/\/jugendfeuerwehr.feuerwehr-possendorf.de\/?page_id=2"},"modified":"2025-09-03T11:46:01","modified_gmt":"2025-09-03T11:46:01","slug":"sample-page","status":"publish","type":"page","link":"http:\/\/feuerwehr-possendorf.de\/?page_id=2","title":{"rendered":"Eins\u00e4tze"},"content":{"rendered":"\n<p>Du willst wissen, worauf du dich einl\u00e4sst oder du bist von der Sirene geweckt worden und neugierig was los ist? Dann findest du hier unsere Einsatz\u00fcbersicht: <\/p>\n\n\n\n<p>Aus Datenschutzrechtlichen Gr\u00fcnden, bitten wir um Verst\u00e4ndnis, dass wir keine Bilder oder n\u00e4heren Erl\u00e4uterungen ver\u00f6ffentlichen. <\/p>\n\n\n\n<p><\/p>\n\n\n\n<p><strong>Unsere letzten Eins\u00e4tze<\/strong><\/p>\n\n\n\n<table id=\"tablepress-1\" class=\"tablepress tablepress-id-1\">\n<thead>\n<tr class=\"row-1\">\n\t<th class=\"column-1\"><strong>Einsatzname \/ Art<\/strong><\/th><th class=\"column-2\"><strong>Ort<\/strong><\/th><th class=\"column-3\"><strong>Datum und Uhrzeit<\/strong><\/th><th class=\"column-4\"><strong>Fahrzeuge der OF, die dabei waren<\/strong><\/th><th class=\"column-5\"><strong>Was ist passiert<\/strong><\/th>\n<\/tr>\n<\/thead>\n<tbody class=\"row-striping row-hover\">\n<tr class=\"row-2\">\n\t<td class=\"column-1\"><strong>Person in Notlage<\/strong><\/td><td class=\"column-2\">Possendorf<\/td><td class=\"column-3\">20.02.2026 10:59 Uhr<\/td><td class=\"column-4\">LF<\/td><td class=\"column-5\">Person in Notlage<\/td>\n<\/tr>\n<tr class=\"row-3\">\n\t<td class=\"column-1\"><strong>\u00d6lspur<\/strong><\/td><td class=\"column-2\">Bannewitz &#8211; Goppeln<\/td><td class=\"column-3\">17.02.2026 14:20 Uhr<\/td><td class=\"column-4\">LF<\/td><td class=\"column-5\">\u00d6lspur<\/td>\n<\/tr>\n<tr class=\"row-4\">\n\t<td class=\"column-1\"><strong>Unfall<\/strong><\/td><td class=\"column-2\">Bannewitz &#8211; Horkenstra\u00dfe<\/td><td class=\"column-3\">15.02.2026 16:55 Uhr<\/td><td class=\"column-4\">LF, ELW<\/td><td class=\"column-5\">Verkehrsunfall von 2 PKW&#8217;s. <\/td>\n<\/tr>\n<tr class=\"row-5\">\n\t<td class=\"column-1\"><strong>Tragehilfe<\/strong><\/td><td class=\"column-2\">Possendorf<\/td><td class=\"column-3\">23.01.2026 03:28 Uhr<\/td><td class=\"column-4\">LF<\/td><td class=\"column-5\">Unterst\u00fctzung des Rettungsdienstes beim Tragen des Patienten. <\/td>\n<\/tr>\n<tr class=\"row-6\">\n\t<td class=\"column-1\"><strong>Brand<\/strong><\/td><td class=\"column-2\">Kreischa<\/td><td class=\"column-3\">17.01.2026 12:00 Uhr<\/td><td class=\"column-4\">ELW<\/td><td class=\"column-5\">K\u00fcchenbrand. Brand konnte vor dem Feuerwehreintreffen gel\u00f6scht werden.<\/td>\n<\/tr>\n<tr class=\"row-7\">\n\t<td class=\"column-1\"><strong>Brand<\/strong><\/td><td class=\"column-2\">Wilmsdorf<\/td><td class=\"column-3\">13.01.2026 11:01 Uhr<\/td><td class=\"column-4\">LF, ELW<\/td><td class=\"column-5\">Schuppenbrand. Dank des schnellen Eingreifens der Feuerwehr konnte der Brand\u00fcbergriff auf das nebenstehende Wohnhaus verhindert werden. <br \/>\n<\/td>\n<\/tr>\n<tr class=\"row-8\">\n\t<td class=\"column-1\"><strong>Unterst\u00fctzung <\/strong><\/td><td class=\"column-2\">Goldberoder Stra\u00dfe<\/td><td class=\"column-3\">09.01.2026 12:36 Uhr<\/td><td class=\"column-4\">LF<\/td><td class=\"column-5\">Ein Krankentransportwagen hat sich aufgrund des Schneesturmes festgefahren und brauchte Unterst\u00fctzung. Ein umsichtiger B\u00fcrger half bei der Befreiung, sodass der KTW noch vor Eintreffen der Feuerwehr weiterfahren konnte.<br \/>\n<\/td>\n<\/tr>\n<tr class=\"row-9\">\n\t<td class=\"column-1\"><strong> Unfall<\/strong><\/td><td class=\"column-2\">B170 am Rundteil<\/td><td class=\"column-3\">04.01.2026 12:38 Uhr<\/td><td class=\"column-4\">LF<\/td><td class=\"column-5\">2 Fahrzeuge sind verunfallt. Es gab zum Gl\u00fcck nur leichte Verletzungen<\/td>\n<\/tr>\n<tr class=\"row-10\">\n\t<td class=\"column-1\"><strong>Unfall<\/strong><\/td><td class=\"column-2\">1717 Horkenstra\u00dfe Bannewitz<\/td><td class=\"column-3\">03.01.2026 04:02 Uhr<\/td><td class=\"column-4\">LF und ELW<\/td><td class=\"column-5\">Verkehrsunfall eines PKWs. <\/td>\n<\/tr>\n<\/tbody>\n<\/table>\n<!-- #tablepress-1 from cache -->\n\n\n<div class=\"wp-block-columns is-layout-flex wp-container-core-columns-is-layout-9d6595d7 wp-block-columns-is-layout-flex\">\n<div class=\"wp-block-column is-layout-flow wp-block-column-is-layout-flow\" style=\"flex-basis:100%\"><\/div>\n<\/div>\n\n\n\n<div class=\"wp-block-group\"><div class=\"wp-block-group__inner-container is-layout-constrained wp-block-group-is-layout-constrained\">\n<div class=\"wp-block-columns is-layout-flex wp-container-core-columns-is-layout-9d6595d7 wp-block-columns-is-layout-flex\">\n<div class=\"wp-block-column is-layout-flow wp-block-column-is-layout-flow\" style=\"flex-basis:100%\">\n<div class=\"wp-block-columns is-layout-flex wp-container-core-columns-is-layout-9d6595d7 wp-block-columns-is-layout-flex\">\n<div class=\"wp-block-column is-layout-flow wp-block-column-is-layout-flow\" style=\"flex-basis:100%\">\n<div class=\"wp-block-columns is-layout-flex wp-container-core-columns-is-layout-9d6595d7 wp-block-columns-is-layout-flex\">\n<div class=\"wp-block-column is-layout-flow wp-block-column-is-layout-flow\" style=\"flex-basis:100%\">\n<div class=\"wp-block-group\"><div class=\"wp-block-group__inner-container is-layout-constrained wp-block-group-is-layout-constrained\">\n<div class=\"wp-block-group\"><div class=\"wp-block-group__inner-container is-layout-constrained wp-block-group-is-layout-constrained\">\n<div class=\"wp-block-group\"><div class=\"wp-block-group__inner-container is-layout-constrained wp-block-group-is-layout-constrained\">\n<div class=\"wp-block-group\"><div class=\"wp-block-group__inner-container is-layout-constrained wp-block-group-is-layout-constrained\">\n<div class=\"wp-block-group\"><div class=\"wp-block-group__inner-container is-layout-constrained wp-block-group-is-layout-constrained\">\n<p><\/p>\n<\/div><\/div>\n<\/div><\/div>\n<\/div><\/div>\n<\/div><\/div>\n<\/div><\/div>\n\n\n\n<p><\/p>\n<\/div>\n<\/div>\n<\/div>\n<\/div>\n<\/div>\n<\/div>\n<\/div><\/div>\n\n\n\n<p><\/p>\n\n\n\n<p><\/p>\n","protected":false},"excerpt":{"rendered":"<p>Du willst wissen, worauf du dich einl\u00e4sst oder du bist von der Sirene geweckt worden und neugierig was los ist? Dann findest du hier unsere Einsatz\u00fcbersicht: Aus Datenschutzrechtlichen Gr\u00fcnden, bitten [&hellip;]<\/p>\n","protected":false},"author":1,"featured_media":0,"parent":0,"menu_order":5,"comment_status":"closed","ping_status":"closed","template":"","meta":{"footnotes":""},"class_list":["post-2","page","type-page","status-publish","hentry"],"_links":{"self":[{"href":"http:\/\/feuerwehr-possendorf.de\/index.php?rest_route=\/wp\/v2\/pages\/2","targetHints":{"allow":["GET"]}}],"collection":[{"href":"http:\/\/feuerwehr-possendorf.de\/index.php?rest_route=\/wp\/v2\/pages"}],"about":[{"href":"http:\/\/feuerwehr-possendorf.de\/index.php?rest_route=\/wp\/v2\/types\/page"}],"author":[{"embeddable":true,"href":"http:\/\/feuerwehr-possendorf.de\/index.php?rest_route=\/wp\/v2\/users\/1"}],"replies":[{"embeddable":true,"href":"http:\/\/feuerwehr-possendorf.de\/index.php?rest_route=%2Fwp%2Fv2%2Fcomments&post=2"}],"version-history":[{"count":34,"href":"http:\/\/feuerwehr-possendorf.de\/index.php?rest_route=\/wp\/v2\/pages\/2\/revisions"}],"predecessor-version":[{"id":678,"href":"http:\/\/feuerwehr-possendorf.de\/index.php?rest_route=\/wp\/v2\/pages\/2\/revisions\/678"}],"wp:attachment":[{"href":"http:\/\/feuerwehr-possendorf.de\/index.php?rest_route=%2Fwp%2Fv2%2Fmedia&parent=2"}],"curies":[{"name":"wp","href":"https:\/\/api.w.org\/{rel}","templated":true}]}}